{"id":60,"date":"2020-06-09T21:04:21","date_gmt":"2020-06-09T19:04:21","guid":{"rendered":"https:\/\/auripro.ee\/?page_id=60"},"modified":"2024-12-02T11:41:06","modified_gmt":"2024-12-02T09:41:06","slug":"teraapia","status":"publish","type":"page","link":"https:\/\/auripro.ee\/?page_id=60","title":{"rendered":"Teraapia"},"content":{"rendered":"\r\n<div class=\"wp-block-image\">\r\n<figure class=\"alignright size-large\"><img loading=\"lazy\" decoding=\"async\" width=\"200\" height=\"185\" class=\"wp-image-81\" src=\"https:\/\/auripro.ee\/wp-content\/uploads\/2020\/06\/vistseraalne-teraapia.jpg\" alt=\"\" \/><\/figure>\r\n<\/div>\r\n\r\n\r\n\r\n<p class=\"has-medium-font-size\"><strong>Siseorganite teraapia ehk vistseraalne teraapia<\/strong><\/p>\r\n\r\n\r\n\r\n<p>Annab v\u00e4ga h\u00e4id tulemusi seedeprobleemide<br \/>(eriti k\u00f5hukinnisuse) leevendamisel, stressist p\u00f5hjustatud terviseh\u00e4dade, n\u00e4iteks peavalude<br \/>ning siseelundite probleemide (kroonilised p\u00f5letikud, kivit\u00f5ved, siseelundite haigused jms)<br \/>korral. Parandab ainevahetust kehas, vereringet, l\u00fcmfis\u00fcsteemi t\u00f6\u00f6d, immuuns\u00fcsteemi.<\/p>\r\n\r\n\r\n\r\n<p>Eaga kaasneva v\u00f5i raske f\u00fc\u00fcsilise t\u00f6\u00f6 t\u00f5ttu tekkida v\u00f5iva siseelundite sidekoe v\u00e4simise<br \/>v\u00f5i l\u00f5tvumise korral aitab siseelundite teraapia neid taas toonusesse. H\u00e4id tulemusi annab<br \/>teraapia meetod ka selja- ja liigesevalude ning mitme s\u00fcdame- ja veresoonkonnaga seotud<br \/>vaevuste leevendamisel.<\/p>\r\n\r\n\r\n\r\n<p>Leevendust saab ka seente, ainuraksete ja parasiitide<br \/>poolt tekitatud mao ja soolestiku kahjustused, mis \u00fchtlasi likvideerib ka erinevad<br \/>nahaprobleemid, mis enamasti peegeldavad soolestiku olukorda.<\/p>\r\n\r\n\r\n\r\n<p>&nbsp;<\/p>\r\n","protected":false},"excerpt":{"rendered":"<p>Siseorganite teraapia ehk vistseraalne teraapia Annab v\u00e4ga h\u00e4id tulemusi seedeprobleemide(eriti k\u00f5hukinnisuse) leevendamisel, stressist p\u00f5hjustatud terviseh\u00e4dade, n\u00e4iteks peavaludening siseelundite probleemide (kroonilised p\u00f5letikud, kivit\u00f5ved, siseelundite haigused jms)korral. Parandab ainevahetust kehas, vereringet, l\u00fcmfis\u00fcsteemi t\u00f6\u00f6d, immuuns\u00fcsteemi. Eaga kaasneva v\u00f5i raske f\u00fc\u00fcsilise t\u00f6\u00f6 t\u00f5ttu tekkida v\u00f5iva siseelundite sidekoe v\u00e4simisev\u00f5i l\u00f5tvumise korral aitab siseelundite teraapia neid taas toonusesse. H\u00e4id tulemusi annabteraapia [&hellip;]<\/p>\n","protected":false},"author":1,"featured_media":0,"parent":0,"menu_order":0,"comment_status":"closed","ping_status":"closed","template":"","meta":{"pagelayer_contact_templates":[],"_pagelayer_content":"","footnotes":""},"class_list":["post-60","page","type-page","status-publish","hentry"],"yoast_head":"<!-- This site is optimized with the Yoast SEO plugin v27.5 - https:\/\/yoast.com\/product\/yoast-seo-wordpress\/ -->\n<title>Siseorganite teraapia - Seedeprobleemide ja terviseh\u00e4dade leevendamine - Auripro<\/title>\n<meta name=\"description\" content=\"Vistseraalne teraapia aitab leevendada seedeprobleeme, stressi, p\u00f5letikke, liigesevalu ja s\u00fcdame-veresoonkonna vaevusi.\" \/>\n<meta name=\"robots\" content=\"index, follow, max-snippet:-1, max-image-preview:large, max-video-preview:-1\" \/>\n<link rel=\"canonical\" href=\"https:\/\/auripro.ee\/?page_id=60\" \/>\n<meta property=\"og:locale\" content=\"et_EE\" \/>\n<meta property=\"og:type\" content=\"article\" \/>\n<meta property=\"og:title\" content=\"Siseorganite teraapia - Seedeprobleemide ja terviseh\u00e4dade leevendamine - Auripro\" \/>\n<meta property=\"og:description\" content=\"Vistseraalne teraapia aitab leevendada seedeprobleeme, stressi, p\u00f5letikke, liigesevalu ja s\u00fcdame-veresoonkonna vaevusi.\" \/>\n<meta property=\"og:url\" content=\"https:\/\/auripro.ee\/?page_id=60\" \/>\n<meta property=\"og:site_name\" content=\"Auripro\" \/>\n<meta property=\"article:publisher\" content=\"https:\/\/www.facebook.com\/Auripro-O-332545203786163\" \/>\n<meta property=\"article:modified_time\" content=\"2024-12-02T09:41:06+00:00\" \/>\n<meta property=\"og:image\" content=\"https:\/\/auripro.ee\/wp-content\/uploads\/2020\/06\/vistseraalne-teraapia.jpg\" \/>\n\t<meta property=\"og:image:width\" content=\"200\" \/>\n\t<meta property=\"og:image:height\" content=\"185\" \/>\n\t<meta property=\"og:image:type\" content=\"image\/jpeg\" \/>\n<meta name=\"twitter:card\" content=\"summary_large_image\" \/>\n<meta name=\"twitter:label1\" content=\"Est. reading time\" \/>\n\t<meta name=\"twitter:data1\" content=\"1 minut\" \/>\n<script type=\"application\/ld+json\" class=\"yoast-schema-graph\">{\"@context\":\"https:\\\/\\\/schema.org\",\"@graph\":[{\"@type\":\"WebPage\",\"@id\":\"https:\\\/\\\/auripro.ee\\\/?page_id=60\",\"url\":\"https:\\\/\\\/auripro.ee\\\/?page_id=60\",\"name\":\"Siseorganite teraapia - Seedeprobleemide ja terviseh\u00e4dade leevendamine - Auripro\",\"isPartOf\":{\"@id\":\"https:\\\/\\\/auripro.ee\\\/#website\"},\"primaryImageOfPage\":{\"@id\":\"https:\\\/\\\/auripro.ee\\\/?page_id=60#primaryimage\"},\"image\":{\"@id\":\"https:\\\/\\\/auripro.ee\\\/?page_id=60#primaryimage\"},\"thumbnailUrl\":\"https:\\\/\\\/auripro.ee\\\/wp-content\\\/uploads\\\/2020\\\/06\\\/vistseraalne-teraapia.jpg\",\"datePublished\":\"2020-06-09T19:04:21+00:00\",\"dateModified\":\"2024-12-02T09:41:06+00:00\",\"description\":\"Vistseraalne teraapia aitab leevendada seedeprobleeme, stressi, p\u00f5letikke, liigesevalu ja s\u00fcdame-veresoonkonna vaevusi.\",\"breadcrumb\":{\"@id\":\"https:\\\/\\\/auripro.ee\\\/?page_id=60#breadcrumb\"},\"inLanguage\":\"et\",\"potentialAction\":[{\"@type\":\"ReadAction\",\"target\":[\"https:\\\/\\\/auripro.ee\\\/?page_id=60\"]}]},{\"@type\":\"ImageObject\",\"inLanguage\":\"et\",\"@id\":\"https:\\\/\\\/auripro.ee\\\/?page_id=60#primaryimage\",\"url\":\"https:\\\/\\\/auripro.ee\\\/wp-content\\\/uploads\\\/2020\\\/06\\\/vistseraalne-teraapia.jpg\",\"contentUrl\":\"https:\\\/\\\/auripro.ee\\\/wp-content\\\/uploads\\\/2020\\\/06\\\/vistseraalne-teraapia.jpg\",\"width\":200,\"height\":185},{\"@type\":\"BreadcrumbList\",\"@id\":\"https:\\\/\\\/auripro.ee\\\/?page_id=60#breadcrumb\",\"itemListElement\":[{\"@type\":\"ListItem\",\"position\":1,\"name\":\"Home\",\"item\":\"https:\\\/\\\/auripro.ee\\\/\"},{\"@type\":\"ListItem\",\"position\":2,\"name\":\"Teraapia\"}]},{\"@type\":\"WebSite\",\"@id\":\"https:\\\/\\\/auripro.ee\\\/#website\",\"url\":\"https:\\\/\\\/auripro.ee\\\/\",\"name\":\"Auripro\",\"description\":\"Broneeringud\",\"publisher\":{\"@id\":\"https:\\\/\\\/auripro.ee\\\/#organization\"},\"potentialAction\":[{\"@type\":\"SearchAction\",\"target\":{\"@type\":\"EntryPoint\",\"urlTemplate\":\"https:\\\/\\\/auripro.ee\\\/?s={search_term_string}\"},\"query-input\":{\"@type\":\"PropertyValueSpecification\",\"valueRequired\":true,\"valueName\":\"search_term_string\"}}],\"inLanguage\":\"et\"},{\"@type\":\"Organization\",\"@id\":\"https:\\\/\\\/auripro.ee\\\/#organization\",\"name\":\"Auripro\",\"url\":\"https:\\\/\\\/auripro.ee\\\/\",\"logo\":{\"@type\":\"ImageObject\",\"inLanguage\":\"et\",\"@id\":\"https:\\\/\\\/auripro.ee\\\/#\\\/schema\\\/logo\\\/image\\\/\",\"url\":\"https:\\\/\\\/auripro.ee\\\/wp-content\\\/uploads\\\/2020\\\/06\\\/cropped-Auripro-logo-vaiksem.jpg\",\"contentUrl\":\"https:\\\/\\\/auripro.ee\\\/wp-content\\\/uploads\\\/2020\\\/06\\\/cropped-Auripro-logo-vaiksem.jpg\",\"width\":1668,\"height\":1158,\"caption\":\"Auripro\"},\"image\":{\"@id\":\"https:\\\/\\\/auripro.ee\\\/#\\\/schema\\\/logo\\\/image\\\/\"},\"sameAs\":[\"https:\\\/\\\/www.facebook.com\\\/Auripro-O-332545203786163\"]}]}<\/script>\n<!-- \/ Yoast SEO plugin. -->","yoast_head_json":{"title":"Siseorganite teraapia - Seedeprobleemide ja terviseh\u00e4dade leevendamine - Auripro","description":"Vistseraalne teraapia aitab leevendada seedeprobleeme, stressi, p\u00f5letikke, liigesevalu ja s\u00fcdame-veresoonkonna vaevusi.","robots":{"index":"index","follow":"follow","max-snippet":"max-snippet:-1","max-image-preview":"max-image-preview:large","max-video-preview":"max-video-preview:-1"},"canonical":"https:\/\/auripro.ee\/?page_id=60","og_locale":"et_EE","og_type":"article","og_title":"Siseorganite teraapia - Seedeprobleemide ja terviseh\u00e4dade leevendamine - Auripro","og_description":"Vistseraalne teraapia aitab leevendada seedeprobleeme, stressi, p\u00f5letikke, liigesevalu ja s\u00fcdame-veresoonkonna vaevusi.","og_url":"https:\/\/auripro.ee\/?page_id=60","og_site_name":"Auripro","article_publisher":"https:\/\/www.facebook.com\/Auripro-O-332545203786163","article_modified_time":"2024-12-02T09:41:06+00:00","og_image":[{"width":200,"height":185,"url":"https:\/\/auripro.ee\/wp-content\/uploads\/2020\/06\/vistseraalne-teraapia.jpg","type":"image\/jpeg"}],"twitter_card":"summary_large_image","twitter_misc":{"Est. reading time":"1 minut"},"schema":{"@context":"https:\/\/schema.org","@graph":[{"@type":"WebPage","@id":"https:\/\/auripro.ee\/?page_id=60","url":"https:\/\/auripro.ee\/?page_id=60","name":"Siseorganite teraapia - Seedeprobleemide ja terviseh\u00e4dade leevendamine - Auripro","isPartOf":{"@id":"https:\/\/auripro.ee\/#website"},"primaryImageOfPage":{"@id":"https:\/\/auripro.ee\/?page_id=60#primaryimage"},"image":{"@id":"https:\/\/auripro.ee\/?page_id=60#primaryimage"},"thumbnailUrl":"https:\/\/auripro.ee\/wp-content\/uploads\/2020\/06\/vistseraalne-teraapia.jpg","datePublished":"2020-06-09T19:04:21+00:00","dateModified":"2024-12-02T09:41:06+00:00","description":"Vistseraalne teraapia aitab leevendada seedeprobleeme, stressi, p\u00f5letikke, liigesevalu ja s\u00fcdame-veresoonkonna vaevusi.","breadcrumb":{"@id":"https:\/\/auripro.ee\/?page_id=60#breadcrumb"},"inLanguage":"et","potentialAction":[{"@type":"ReadAction","target":["https:\/\/auripro.ee\/?page_id=60"]}]},{"@type":"ImageObject","inLanguage":"et","@id":"https:\/\/auripro.ee\/?page_id=60#primaryimage","url":"https:\/\/auripro.ee\/wp-content\/uploads\/2020\/06\/vistseraalne-teraapia.jpg","contentUrl":"https:\/\/auripro.ee\/wp-content\/uploads\/2020\/06\/vistseraalne-teraapia.jpg","width":200,"height":185},{"@type":"BreadcrumbList","@id":"https:\/\/auripro.ee\/?page_id=60#breadcrumb","itemListElement":[{"@type":"ListItem","position":1,"name":"Home","item":"https:\/\/auripro.ee\/"},{"@type":"ListItem","position":2,"name":"Teraapia"}]},{"@type":"WebSite","@id":"https:\/\/auripro.ee\/#website","url":"https:\/\/auripro.ee\/","name":"Auripro","description":"Broneeringud","publisher":{"@id":"https:\/\/auripro.ee\/#organization"},"potentialAction":[{"@type":"SearchAction","target":{"@type":"EntryPoint","urlTemplate":"https:\/\/auripro.ee\/?s={search_term_string}"},"query-input":{"@type":"PropertyValueSpecification","valueRequired":true,"valueName":"search_term_string"}}],"inLanguage":"et"},{"@type":"Organization","@id":"https:\/\/auripro.ee\/#organization","name":"Auripro","url":"https:\/\/auripro.ee\/","logo":{"@type":"ImageObject","inLanguage":"et","@id":"https:\/\/auripro.ee\/#\/schema\/logo\/image\/","url":"https:\/\/auripro.ee\/wp-content\/uploads\/2020\/06\/cropped-Auripro-logo-vaiksem.jpg","contentUrl":"https:\/\/auripro.ee\/wp-content\/uploads\/2020\/06\/cropped-Auripro-logo-vaiksem.jpg","width":1668,"height":1158,"caption":"Auripro"},"image":{"@id":"https:\/\/auripro.ee\/#\/schema\/logo\/image\/"},"sameAs":["https:\/\/www.facebook.com\/Auripro-O-332545203786163"]}]}},"amp_enabled":true,"_links":{"self":[{"href":"https:\/\/auripro.ee\/index.php?rest_route=\/wp\/v2\/pages\/60","targetHints":{"allow":["GET"]}}],"collection":[{"href":"https:\/\/auripro.ee\/index.php?rest_route=\/wp\/v2\/pages"}],"about":[{"href":"https:\/\/auripro.ee\/index.php?rest_route=\/wp\/v2\/types\/page"}],"author":[{"embeddable":true,"href":"https:\/\/auripro.ee\/index.php?rest_route=\/wp\/v2\/users\/1"}],"replies":[{"embeddable":true,"href":"https:\/\/auripro.ee\/index.php?rest_route=%2Fwp%2Fv2%2Fcomments&post=60"}],"version-history":[{"count":5,"href":"https:\/\/auripro.ee\/index.php?rest_route=\/wp\/v2\/pages\/60\/revisions"}],"predecessor-version":[{"id":414,"href":"https:\/\/auripro.ee\/index.php?rest_route=\/wp\/v2\/pages\/60\/revisions\/414"}],"wp:attachment":[{"href":"https:\/\/auripro.ee\/index.php?rest_route=%2Fwp%2Fv2%2Fmedia&parent=60"}],"curies":[{"name":"wp","href":"https:\/\/api.w.org\/{rel}","templated":true}]}}