{"id":54,"date":"2020-06-09T19:44:25","date_gmt":"2020-06-09T17:44:25","guid":{"rendered":"https:\/\/auripro.ee\/?page_id=54"},"modified":"2024-12-02T11:38:43","modified_gmt":"2024-12-02T09:38:43","slug":"massaazi-moju-organismile","status":"publish","type":"page","link":"https:\/\/auripro.ee\/?page_id=54","title":{"rendered":"Massaa\u017ei m\u00f5ju organismile"},"content":{"rendered":"\r\n<p>Massaa\u017eil on terapeutiline toime kehale l\u00e4bi naha. Massaa\u017e sisaldab selliseid tehnikaid nagu silitamine, h\u00f5\u00f5rumine, s\u00f5tkumine, vibratsioon ja patsutamine.\u00a0See m\u00f5ju lihastele \u00e4rritab n\u00e4rvil\u00f5pmeid, mis omakorda saadavad impulsse ajju.\u00a0Massaa\u017ei m\u00f5ju kehale on raske \u00fcle hinnata, selle alused tulid meieni iidsetest aegadest ja j\u00e4rk-j\u00e4rgult arenedes lihviti need t\u00e4iuslikkuseni.<\/p>\r\n<p>Massaa\u017eitehnikaid, mis lahendavad erinevaid probleeme, on tohutult palju.<br \/>Esiteks on massaa\u017e ette n\u00e4htud luu- ja lihaskonna probleemide korral, kuna mehaanilise tegevuse ajal l\u00e4heb p\u00f5hikoormus lihastele ja selgroole.\u00a0P\u00e4rast massaa\u017eikuuri valu kaob, lihased muutuvad elastsemaks, painduvus ja liikuvus taastuvad.<\/p>\r\n<p>Kuid massaa\u017e ei m\u00f5juta mitte ainult lihaste s\u00fcsteemi.\u00a0Sellest tulenev refleksreaktsioon m\u00f5jutab ka siseorganite t\u00f6\u00f6d, parandades nende t\u00f6\u00f6d.<\/p>\r\n<p>Selline f\u00fcsioteraapia on immuuns\u00fcsteemi probleemide korral asendamatu.\u00a0Massaa\u017e mitte ainult ei paranda enesetunnet, vaid stabiliseerib verer\u00f5hku, normaliseerib und ja tugevdab organismi loomulikku kaitsev\u00f5imet.\u00a0On t\u00f5estatud, et regulaarselt massaa\u017eikursustel k\u00e4ivad inimesed haigestuvad palju harvemini.\u00a0Ja kui haigust siiski v\u00e4ltida ei \u00f5nnestunud, kulgeb see palju kergemal kujul.<\/p>\r\n<p>Hingamiss\u00fcsteemi toimimise parandamine aitab tugevdada ka immuuns\u00fcsteemi.\u00a0T\u00e4nu sellele, et massaa\u017ei ajal hingamine muutub s\u00fcgavamaks, kaob rindkere piirkonna lihaste j\u00e4ikus, k\u00f5ik siseorganid rikastuvad paremini hapnikuga.<\/p>\r\n<p>Lisaks toimub veresoonte laienemine, t\u00e4nu millele paraneb vereringe, mis omakorda avaldab positiivset m\u00f5ju s\u00fcdame-veresoonkonna s\u00fcsteemi toimimisele.\u00a0P\u00e4rast massaa\u017eiseanssi suureneb oluliselt kapillaaride arv lihaste ristl\u00f5ikes.\u00a0See h\u00f5lbustab vere liikumist l\u00e4bi arterite ja parandab venoosset v\u00e4ljavoolu.\u00a0Samal ajal tekivad sellised muutused mitte ainult konkreetses masseeritavas kehapiirkonnas, vaid ka kaugemates punktides.<\/p>\r\n<p>Massaa\u017e m\u00f5jutab positiivselt ainevahetusprotsesse kehas.\u00a0P\u00e4rast f\u00fc\u00fcsilist m\u00f5ju nahale ei parane mitte ainult kudede hapnikuga varustatus, vaid kiireneb ka lagunemissaaduste ja eelk\u00f5ige piimhappe eemaldamine.<\/p>\r\n<p>Massaa\u017e on asendamatu ka seedetrakti probleemide korral.\u00a0See stabiliseerib tema t\u00f6\u00f6d soolestiku motoorika refleksi paranemise t\u00f5ttu.\u00a0Seet\u00f5ttu on selline f\u00fcsioterapeutiline toime vajalik eelk\u00f5ige inimestele, kes kannatavad k\u00f5hukinnisuse ja muude soolestiku h\u00e4irete all.<\/p>\r\n<p>Massaa\u017e on paljude taastusraviprotseduuride seas esikohal.\u00a0Selle abil saate m\u00f5jutada nii \u00fcksikuid organeid ja probleemseid piirkondi kui ka kogu keha tervikuna.<\/p>\r\n<p>&nbsp;<\/p>\r\n<p>Massaa\u017e leevendab stressist tingitud h\u00e4ireid, peavalusid, halvenenud m\u00e4lu, migreeni, uneh\u00e4ireid;\u00a0 v\u00e4hendab lihaspingeid, parandab immuuns\u00fcsteemi. Protseduur aitab paremini keskenduda ja \u00a0raske t\u00f6\u00f6 v\u00f5i \u00f5ppeperioodi ajal taastuda.<\/p>\r\n\r\n\r\n\r\n<p><strong>Massaa\u017e on vastun\u00e4idustatud<\/strong> k\u00f5rgenenud verer\u00f5hu, veenilaiendite, \u00e4gedate p\u00f5letike,\u00a0 \u00e4gedate nahahaiguste, nahahaavade puhul\u00a0 ja palaviku puhul.<\/p>\r\n\r\n\r\n\r\n<h2 id=\"nav-5\">Massaa\u017ei kaasaegne ajalugu<\/h2>\r\n<p>Esimese t\u00f5sisema publikatsiooni massaa\u017ei kohta avaldas 1780. aastal arst Koemen Joseph Tissot.\u00a0Oma t\u00f6\u00f6s kogus ta k\u00f5ik andmed, mis sel ajal teada olid.\u00a0Massaa\u017ei on laialdaselt kasutatud spordis ja traumatoloogias.<\/p>\r\n<p>Teadust\u00f6\u00f6ga tegeles ka terapeut Heinrich Ling, keda peetakse &#8220;Rootsi&#8221; s\u00fcsteemi rajajaks.\u00a0Tema uurimist\u00f6\u00f6 tulemuseks oli teaduslik v\u00e4ljaanne &#8220;Gimnastika \u00fcldised alused&#8221;, kuhu ta kogus k\u00f5igi oma katsete tulemused.<\/p>\r\n<p>Hollandis tegeles Georg Metzger aktiivselt massaa\u017eitehnikate v\u00e4ljat\u00f6\u00f6tamisega.\u00a0Ta ehitas oma teooriad \u00fcles inimese anatoomia ja f\u00fcsioloogia teadmiste p\u00f5hjal.\u00a0Hiljem levitati tema uurimist\u00f6\u00f6d laialdaselt Ameerikas ja Saksamaal.<\/p>\r\n<p>Massaa\u017e muutus \u00fcha populaarsemaks.\u00a0Seda hakati \u00f5petama neis asutustes, kus koolitati parameedikuid.<\/p>\r\n<p>Meditsiinilise j\u00e4relevalve all masseerisid v\u00e4lja\u00f5ppinud \u00f5ed reuma ja podagra all kannatavaid patsiente.<\/p>\r\n<p>Massaa\u017eitehnikate arendamise suureks t\u00f5ukej\u00f5uks oli Esimene maailmas\u00f5da.\u00a0Haiglates kasutati haavatute taastusravis laialdaselt lihaste mehaanilise toime meetodit.\u00a0Kasvas vajadus kvalifitseeritud spetsialistide j\u00e4rele ning kasvas ka vajalikku personali ettevalmistavate \u00f5ppeasutuste arv.<\/p>\r\n<p>Rahuajal said spordisaavutused ja ol\u00fcmpiam\u00e4ngud t\u00f5uke massaa\u017eitehnika edasiseks arendamiseks ja t\u00e4iustamiseks.\u00a0\u00dcha enam hakati r\u00e4\u00e4kima spordimassaa\u017eist ja selle rollist sportlaste ettevalmistamisel.<\/p>\r\n<p>Eelmise sajandi l\u00f5pus sisenes massaa\u017e kindlalt traditsioonilisse meditsiini ja seda hakati tajuma mitte ainult kosmeetilise protseduurina, vaid ka t\u00f5husa vahendina paljude haiguste ravis.<\/p>\r\n<h2 id=\"nav-6\">Massaa\u017ei n\u00e4idustustest<\/h2>\r\n<p>Massaa\u017eiseanss toob tervele inimesele s\u00e4rtsu ja head tuju.\u00a0Ja see on ka hea luu- ja lihaskonna haiguste ennetamine.<\/p>\r\n<p>Lisaks on massaa\u017e ette n\u00e4htud paljude siseorganite ja s\u00fcsteemide haiguste korral.<\/p>\r\n<p>Neuroloogias kasutatakse massaa\u017eitehnikaid neuriidi ja neuralgia, migreeni korral.\u00a0L\u00f5\u00f5gastavat massaa\u017ei soovitatakse unetuse ja muude uneh\u00e4irete korral.<\/p>\r\n<p>Seda t\u00fc\u00fcpi ravi kasutatakse laialdaselt ka intervertebraalsete herniade korral.\u00a0Selle peamine tingimus on see, et \u00e4genemise perioodil ei m\u00e4\u00e4rata massaa\u017ei, vastasel juhul v\u00f5ib selline m\u00f5ju kehale olulist kahju p\u00f5hjustada.<\/p>\r\n<p>Teine rakendus neuroteaduse valdkonnas on massaa\u017ei kohustuslik lisamine insuldij\u00e4rgsete taastusravi protseduuride loetellu.\u00a0V\u00e4ga sageli p\u00f5hjustab ajuvereringe \u00e4ge rikkumine j\u00e4semete t\u00e4ielikku v\u00f5i osalist halvatust.\u00a0Sel juhul on massaa\u017e asendamatu tegur k\u00e4te ja jalgade liikuvuse taastamisel.<\/p>\r\n<p>Lihas-skeleti s\u00fcsteemi haiguste puhul kasutatakse massaa\u017ei kehahoiaku, suurenenud soolade ladestumise, artriidi ja osteokondroosi korral.\u00a0Seda v\u00f5ib m\u00e4\u00e4rata ka kroonilise valu korral selgroos, mis on p\u00f5hjustatud selle degeneratiivsetest-d\u00fcstroofsetest muutustest.<\/p>\r\n<p>Praegu on ilmselt raske nimetada seda meditsiinivaldkonda, kus massaa\u017ei ei kasutataks.\u00a0Seda kasutatakse nii taastusravis kui ka haiguse otseses ravis.<\/p>\r\n<p>Traumatoloogias kasutatakse massaa\u017ei taastusperioodil p\u00e4rast luumurde, millega kaasnevad verevalumid ja lihaskiudude rebend.\u00a0Massaa\u017ei peamine \u00fclesanne on sel juhul parandada kudede toitumist, mis aitab kaasa nende funktsioonide kiirele taastamisele.<\/p>\r\n<p>Massaa\u017ei kasutatakse laialdaselt ortopeedias.\u00a0See on asendamatu lampjalgsuse, lampjalgsuse, puusade d\u00fcsplaasia korral.\u00a0See ravimeetod on eriti aktuaalne lapsep\u00f5lves, kui luustik on alles ja paljud probleemid on lahendatavad ilma keerukamate tehnikateta.<\/p>\r\n<p>\u00dcldises ravipraktikas on massaa\u017e ette n\u00e4htud stenokardia, verer\u00f5hu k\u00f5ikumise ja m\u00fcokardiinfarkti j\u00e4rgse taastusravi korral.\u00a0Nad kasutavad seda ka seedes\u00fcsteemi haiguste (gastriit, haavandid, k\u00f5hukinnisus), ainevahetush\u00e4irete (\u00fclekaalulised probleemid) ja diabeedi korral.<\/p>\r\n<p>Praegu on ilmselt raske nimetada seda meditsiinivaldkonda, kus massaa\u017ei ei kasutataks.\u00a0Seda kasutatakse nii taastusravis kui ka haiguse otseses ravis.\u00a0Vajalike tehnikate \u00f5ige valik koos ravimteraapiaga aitab kaasa isegi k\u00f5ige raskemate patoloogiate kiirele paranemisele.<\/p>\r\n<h2 id=\"nav-7\">Massaa\u017ei vastun\u00e4idustused<\/h2>\r\n<p>Hoolimata selle kindlasti kasulikust m\u00f5just organismile, on seda t\u00fc\u00fcpi ravi m\u00e4\u00e4ramisel mitmeid vastun\u00e4idustusi.<\/p>\r\n<p>V\u00e4hi esinemise korral massaa\u017ei ei tehta.\u00a0Vereringe parandamine v\u00f5ib provotseerida kasvaja edasist kasvu.<\/p>\r\n<p>\u00c4rge m\u00e4\u00e4rake massaa\u017ei ja s\u00fcdame- ja veresoontehaiguste \u00e4genemist.\u00a0See kehtib verer\u00f5hu j\u00e4rsu k\u00f5ikumise, s\u00fcdame r\u00fctmih\u00e4irete ja s\u00fcdamepuudulikkuse kohta.<\/p>\r\n<p>Mehaaniline toime nahale on vastun\u00e4idustatud pustuloossete moodustiste ja muude p\u00f5letikuliste protsesside esinemisel.\u00a0On suur oht nakatuda ja nahale valgunud protsessi teke.<\/p>\r\n<p>Massaa\u017ei m\u00e4\u00e4ramise absoluutne vastun\u00e4idustus on hematopoeetiliste organite haigused.\u00a0Mikrotsirkulatsiooni parandamine v\u00f5ib provotseerida protsessi \u00e4genemist ja p\u00f5hjustada ulatuslikku verejooksu.<\/p>\r\n<p>F\u00fcsioteraapiat on v\u00f5imatu l\u00e4bi viia \u00e4geda nakkusliku v\u00f5i viirusliku protsessi olemasolul kehas.\u00a0Eriti kui selle seisundiga kaasneb kehatemperatuuri t\u00f5us.<\/p>\r\n<p>Nende reeglite eiramine v\u00f5ib kahjustada patsiendi tervist ja kasu asemel toob massaa\u017e kehale ainult olulist kahju.<\/p>\r\n<h2 id=\"nav-9\">Massaa\u017ei m\u00f5ju kehale<\/h2>\r\n<p>Massaa\u017e on \u00fcks tuntumaid viise keha kui terviku m\u00f5jutamiseks.\u00a0See aitab mitte ainult l\u00f5\u00f5gastuda ja noorendada.\u00a0Tema abiga ravitakse paljusid haigusi, sealhulgas neid, mida varem peeti praktiliselt ravimatuks.<\/p>\r\n<p>Mehaaniline m\u00f5ju kehale l\u00e4bi naha mitte ainult ei paranda vereringet ja l\u00f5dvestab lihaseid.\u00a0Massaa\u017e aitab tugevdada immuuns\u00fcsteemi, kiirendab ainevahetusprotsesse organismis, tugevdab seljalihaseid ja rahustab suurenenud erutuvust.\u00a0T\u00e4nu oma v\u00f5imele kiirendada ainevahetusprotsesse, aitavad regulaarsed massaa\u017eiseansid v\u00e4hendada liigset kaalu ja eemaldada kehast toksiine.<\/p>\r\n<p>Massaa\u017e on vajalik ka neile, kes soovivad ilusat figuuri.\u00a0Sellise toimega kosmeetilisi t\u00fc\u00fcpe on mitut t\u00fc\u00fcpi.\u00a0Seda kasutatakse laialdaselt v\u00f5itluses tselluliidiga, samal ajal kui nahk muutub pingul ja elastseks.<\/p>\r\n<p>N\u00e4o- ja peamassaa\u017e toniseerib nahka, kiirendab selle taastumisprotsesse ja parandab v\u00e4limust.\u00a0Lisaks on peamassaa\u017e suurep\u00e4rane vahend suurenenud \u00e4rrituvuse vastu.\u00a0See aitab l\u00f5\u00f5gastuda ja leevendada n\u00e4rvipinget.<\/p>\r\n<p>Mehaaniline m\u00f5ju kehale avaldab organismi talitlusele v\u00e4ga erinevat m\u00f5ju.\u00a0Samal ajal v\u00f5ivad muutused puudutada nii \u00fcldisi reaktsioone ja seisundeid kui ka \u00fcksikuid organeid ja s\u00fcsteeme.<\/p>\r\n<p><b>Ainevahetus.\u00a0<\/b>Massaa\u017ei ajal kiireneb vereringe ligikaudu 30%.\u00a0Samal ajal hakkavad neerud ja nahk piimhapet aktiivselt eemaldama, mis viib ainevahetuse paranemiseni.\u00a0Ainevahetus paraneb ka t\u00e4nu spetsiaalsete hormoonide tootmisele, mis tekib siis, kui nahk on \u00e4rritunud.\u00a0See protsess on massaa\u017ei humoraalne tegur.<\/p>\r\n<p><b>N\u00e4rvis\u00fcsteem.\u00a0<\/b>S\u00f5ltuvalt kasutatavast kokkupuutest (l\u00f5\u00f5gastav v\u00f5i intensiivne) toimub n\u00e4rvis\u00fcsteemi l\u00f5dvestumine v\u00f5i toniseerimine.\u00a0Sellel p\u00f5hineb massaa\u017ei neuroreflekstegur.\u00a0Mehaaniline toime nahale p\u00f5hjustab n\u00e4rvil\u00f5pmete \u00e4rritust.\u00a0Neuronite kaudu edastatuna j\u00f5uavad vastuv\u00f5etud impulsid ajupoolkeradesse, kus tekib sellisele stimulatsioonile adekvaatne reaktsioon.<\/p>\r\n<p><b>Lihaskond.\u00a0<\/b>Massaa\u017e on otsene f\u00fc\u00fcsiline m\u00f5ju inimese lihastele.\u00a0Intensiivse masseerimise ajal suureneb t\u00f6\u00f6tavate kapillaaride arv, kuded hakkavad aktiivsemalt hapnikuga varustama.\u00a0T\u00e4nu sellele paraneb lihass\u00fcsteem ja suurenevad selle kohanemisomadused.<\/p>\r\n<p><b>Liigesed ja sidemed.\u00a0<\/b>Parandades l\u00fcmfi v\u00e4ljavoolu, aitavad massaa\u017eiseansid v\u00e4hendada liigest \u00fcmbritsevate kudede turset.\u00a0Samuti on paranenud lagunemisproduktide eemaldamine kudedest, mis on tekkinud nende kahjustamisel.\u00a0Selline kompleksne toime aitab taastada liigeste liikuvust ja on hea sidemeaparaadi haiguste ennetamine.<\/p>\r\n<p><b>Nahk.\u00a0<\/b>Massaa\u017ei m\u00f5ju nahale on raske \u00fcle hinnata.\u00a0Seansi k\u00e4igus eemaldatakse surnud rakud, paraneb vereringe v\u00e4ikestes kapillaarides.\u00a0See kompleks parandab naha toitumist, saab rohkem hapnikku.\u00a0Regulaarsed massaa\u017eiseansid aitavad s\u00e4ilitada naha elastsust ja atraktiivset v\u00e4limust Teraapia aitab kiiresti ravida ka k\u00f5ige raskemaid patoloogiaid.<\/p>\r\n<p>&nbsp;<\/p>\r\n<p>&nbsp;<\/p>\r\n\r\n\r\n\r\n<p>Teie keha ja vaim on t\u00e4is uut energiat ning t\u00e4nulik selle massaa\u017ei eest<\/p>\r\n\r\n\r\n\r\n<p>P\u00e4rast teraapiat joo\u00a0 puhast sooja vett (v\u00e4hemalt 40 C) (k\u00f5rge PH-ga ), puhka ja toitu tervislikult (\u00c4ra s\u00f6\u00f6 ega joo k\u00fclma)<\/p>\r\n","protected":false},"excerpt":{"rendered":"<p>Massaa\u017eil on terapeutiline toime kehale l\u00e4bi naha. Massaa\u017e sisaldab selliseid tehnikaid nagu silitamine, h\u00f5\u00f5rumine, s\u00f5tkumine, vibratsioon ja patsutamine.\u00a0See m\u00f5ju lihastele \u00e4rritab n\u00e4rvil\u00f5pmeid, mis omakorda saadavad impulsse ajju.\u00a0Massaa\u017ei m\u00f5ju kehale on raske \u00fcle hinnata, selle alused tulid meieni iidsetest aegadest ja j\u00e4rk-j\u00e4rgult arenedes lihviti need t\u00e4iuslikkuseni. Massaa\u017eitehnikaid, mis lahendavad erinevaid probleeme, on tohutult palju.Esiteks on massaa\u017e [&hellip;]<\/p>\n","protected":false},"author":1,"featured_media":0,"parent":0,"menu_order":0,"comment_status":"closed","ping_status":"closed","template":"fullwidth.php","meta":{"pagelayer_contact_templates":[],"_pagelayer_content":"","footnotes":""},"class_list":["post-54","page","type-page","status-publish","hentry"],"yoast_head":"<!-- This site is optimized with the Yoast SEO plugin v27.5 - https:\/\/yoast.com\/product\/yoast-seo-wordpress\/ -->\n<title>Massaa\u017ei m\u00f5ju kehale - Teraapia ja kasud - Auripro<\/title>\n<meta name=\"description\" content=\"Avasta massaa\u017ei terapeutiline m\u00f5ju kehale: lihaspinge leevendamine, vereringe paranemine, immuuns\u00fcsteemi tugevdamine ja palju muud.\" \/>\n<meta name=\"robots\" content=\"index, follow, max-snippet:-1, max-image-preview:large, max-video-preview:-1\" \/>\n<link rel=\"canonical\" href=\"https:\/\/auripro.ee\/?page_id=54\" \/>\n<meta property=\"og:locale\" content=\"et_EE\" \/>\n<meta property=\"og:type\" content=\"article\" \/>\n<meta property=\"og:title\" content=\"Massaa\u017ei m\u00f5ju kehale - Teraapia ja kasud - Auripro\" \/>\n<meta property=\"og:description\" content=\"Avasta massaa\u017ei terapeutiline m\u00f5ju kehale: lihaspinge leevendamine, vereringe paranemine, immuuns\u00fcsteemi tugevdamine ja palju muud.\" \/>\n<meta property=\"og:url\" content=\"https:\/\/auripro.ee\/?page_id=54\" \/>\n<meta property=\"og:site_name\" content=\"Auripro\" \/>\n<meta property=\"article:publisher\" content=\"https:\/\/www.facebook.com\/Auripro-O-332545203786163\" \/>\n<meta property=\"article:modified_time\" content=\"2024-12-02T09:38:43+00:00\" \/>\n<meta name=\"twitter:card\" content=\"summary_large_image\" \/>\n<meta name=\"twitter:label1\" content=\"Est. reading time\" \/>\n\t<meta name=\"twitter:data1\" content=\"8 minutit\" \/>\n<script type=\"application\/ld+json\" class=\"yoast-schema-graph\">{\"@context\":\"https:\\\/\\\/schema.org\",\"@graph\":[{\"@type\":\"WebPage\",\"@id\":\"https:\\\/\\\/auripro.ee\\\/?page_id=54\",\"url\":\"https:\\\/\\\/auripro.ee\\\/?page_id=54\",\"name\":\"Massaa\u017ei m\u00f5ju kehale - Teraapia ja kasud - Auripro\",\"isPartOf\":{\"@id\":\"https:\\\/\\\/auripro.ee\\\/#website\"},\"datePublished\":\"2020-06-09T17:44:25+00:00\",\"dateModified\":\"2024-12-02T09:38:43+00:00\",\"description\":\"Avasta massaa\u017ei terapeutiline m\u00f5ju kehale: lihaspinge leevendamine, vereringe paranemine, immuuns\u00fcsteemi tugevdamine ja palju muud.\",\"breadcrumb\":{\"@id\":\"https:\\\/\\\/auripro.ee\\\/?page_id=54#breadcrumb\"},\"inLanguage\":\"et\",\"potentialAction\":[{\"@type\":\"ReadAction\",\"target\":[\"https:\\\/\\\/auripro.ee\\\/?page_id=54\"]}]},{\"@type\":\"BreadcrumbList\",\"@id\":\"https:\\\/\\\/auripro.ee\\\/?page_id=54#breadcrumb\",\"itemListElement\":[{\"@type\":\"ListItem\",\"position\":1,\"name\":\"Home\",\"item\":\"https:\\\/\\\/auripro.ee\\\/\"},{\"@type\":\"ListItem\",\"position\":2,\"name\":\"Massaa\u017ei m\u00f5ju organismile\"}]},{\"@type\":\"WebSite\",\"@id\":\"https:\\\/\\\/auripro.ee\\\/#website\",\"url\":\"https:\\\/\\\/auripro.ee\\\/\",\"name\":\"Auripro\",\"description\":\"Broneeringud\",\"publisher\":{\"@id\":\"https:\\\/\\\/auripro.ee\\\/#organization\"},\"potentialAction\":[{\"@type\":\"SearchAction\",\"target\":{\"@type\":\"EntryPoint\",\"urlTemplate\":\"https:\\\/\\\/auripro.ee\\\/?s={search_term_string}\"},\"query-input\":{\"@type\":\"PropertyValueSpecification\",\"valueRequired\":true,\"valueName\":\"search_term_string\"}}],\"inLanguage\":\"et\"},{\"@type\":\"Organization\",\"@id\":\"https:\\\/\\\/auripro.ee\\\/#organization\",\"name\":\"Auripro\",\"url\":\"https:\\\/\\\/auripro.ee\\\/\",\"logo\":{\"@type\":\"ImageObject\",\"inLanguage\":\"et\",\"@id\":\"https:\\\/\\\/auripro.ee\\\/#\\\/schema\\\/logo\\\/image\\\/\",\"url\":\"https:\\\/\\\/auripro.ee\\\/wp-content\\\/uploads\\\/2020\\\/06\\\/cropped-Auripro-logo-vaiksem.jpg\",\"contentUrl\":\"https:\\\/\\\/auripro.ee\\\/wp-content\\\/uploads\\\/2020\\\/06\\\/cropped-Auripro-logo-vaiksem.jpg\",\"width\":1668,\"height\":1158,\"caption\":\"Auripro\"},\"image\":{\"@id\":\"https:\\\/\\\/auripro.ee\\\/#\\\/schema\\\/logo\\\/image\\\/\"},\"sameAs\":[\"https:\\\/\\\/www.facebook.com\\\/Auripro-O-332545203786163\"]}]}<\/script>\n<!-- \/ Yoast SEO plugin. -->","yoast_head_json":{"title":"Massaa\u017ei m\u00f5ju kehale - Teraapia ja kasud - Auripro","description":"Avasta massaa\u017ei terapeutiline m\u00f5ju kehale: lihaspinge leevendamine, vereringe paranemine, immuuns\u00fcsteemi tugevdamine ja palju muud.","robots":{"index":"index","follow":"follow","max-snippet":"max-snippet:-1","max-image-preview":"max-image-preview:large","max-video-preview":"max-video-preview:-1"},"canonical":"https:\/\/auripro.ee\/?page_id=54","og_locale":"et_EE","og_type":"article","og_title":"Massaa\u017ei m\u00f5ju kehale - Teraapia ja kasud - Auripro","og_description":"Avasta massaa\u017ei terapeutiline m\u00f5ju kehale: lihaspinge leevendamine, vereringe paranemine, immuuns\u00fcsteemi tugevdamine ja palju muud.","og_url":"https:\/\/auripro.ee\/?page_id=54","og_site_name":"Auripro","article_publisher":"https:\/\/www.facebook.com\/Auripro-O-332545203786163","article_modified_time":"2024-12-02T09:38:43+00:00","twitter_card":"summary_large_image","twitter_misc":{"Est. reading time":"8 minutit"},"schema":{"@context":"https:\/\/schema.org","@graph":[{"@type":"WebPage","@id":"https:\/\/auripro.ee\/?page_id=54","url":"https:\/\/auripro.ee\/?page_id=54","name":"Massaa\u017ei m\u00f5ju kehale - Teraapia ja kasud - Auripro","isPartOf":{"@id":"https:\/\/auripro.ee\/#website"},"datePublished":"2020-06-09T17:44:25+00:00","dateModified":"2024-12-02T09:38:43+00:00","description":"Avasta massaa\u017ei terapeutiline m\u00f5ju kehale: lihaspinge leevendamine, vereringe paranemine, immuuns\u00fcsteemi tugevdamine ja palju muud.","breadcrumb":{"@id":"https:\/\/auripro.ee\/?page_id=54#breadcrumb"},"inLanguage":"et","potentialAction":[{"@type":"ReadAction","target":["https:\/\/auripro.ee\/?page_id=54"]}]},{"@type":"BreadcrumbList","@id":"https:\/\/auripro.ee\/?page_id=54#breadcrumb","itemListElement":[{"@type":"ListItem","position":1,"name":"Home","item":"https:\/\/auripro.ee\/"},{"@type":"ListItem","position":2,"name":"Massaa\u017ei m\u00f5ju organismile"}]},{"@type":"WebSite","@id":"https:\/\/auripro.ee\/#website","url":"https:\/\/auripro.ee\/","name":"Auripro","description":"Broneeringud","publisher":{"@id":"https:\/\/auripro.ee\/#organization"},"potentialAction":[{"@type":"SearchAction","target":{"@type":"EntryPoint","urlTemplate":"https:\/\/auripro.ee\/?s={search_term_string}"},"query-input":{"@type":"PropertyValueSpecification","valueRequired":true,"valueName":"search_term_string"}}],"inLanguage":"et"},{"@type":"Organization","@id":"https:\/\/auripro.ee\/#organization","name":"Auripro","url":"https:\/\/auripro.ee\/","logo":{"@type":"ImageObject","inLanguage":"et","@id":"https:\/\/auripro.ee\/#\/schema\/logo\/image\/","url":"https:\/\/auripro.ee\/wp-content\/uploads\/2020\/06\/cropped-Auripro-logo-vaiksem.jpg","contentUrl":"https:\/\/auripro.ee\/wp-content\/uploads\/2020\/06\/cropped-Auripro-logo-vaiksem.jpg","width":1668,"height":1158,"caption":"Auripro"},"image":{"@id":"https:\/\/auripro.ee\/#\/schema\/logo\/image\/"},"sameAs":["https:\/\/www.facebook.com\/Auripro-O-332545203786163"]}]}},"amp_enabled":false,"_links":{"self":[{"href":"https:\/\/auripro.ee\/index.php?rest_route=\/wp\/v2\/pages\/54","targetHints":{"allow":["GET"]}}],"collection":[{"href":"https:\/\/auripro.ee\/index.php?rest_route=\/wp\/v2\/pages"}],"about":[{"href":"https:\/\/auripro.ee\/index.php?rest_route=\/wp\/v2\/types\/page"}],"author":[{"embeddable":true,"href":"https:\/\/auripro.ee\/index.php?rest_route=\/wp\/v2\/users\/1"}],"replies":[{"embeddable":true,"href":"https:\/\/auripro.ee\/index.php?rest_route=%2Fwp%2Fv2%2Fcomments&post=54"}],"version-history":[{"count":9,"href":"https:\/\/auripro.ee\/index.php?rest_route=\/wp\/v2\/pages\/54\/revisions"}],"predecessor-version":[{"id":413,"href":"https:\/\/auripro.ee\/index.php?rest_route=\/wp\/v2\/pages\/54\/revisions\/413"}],"wp:attachment":[{"href":"https:\/\/auripro.ee\/index.php?rest_route=%2Fwp%2Fv2%2Fmedia&parent=54"}],"curies":[{"name":"wp","href":"https:\/\/api.w.org\/{rel}","templated":true}]}}