{"id":257,"date":"2021-09-26T15:41:55","date_gmt":"2021-09-26T13:41:55","guid":{"rendered":"https:\/\/auripro.ee\/?page_id=257"},"modified":"2026-03-05T22:29:48","modified_gmt":"2026-03-05T20:29:48","slug":"vistseraalne-massaaz","status":"publish","type":"page","link":"https:\/\/auripro.ee\/?page_id=257","title":{"rendered":"Vistseraalne massaa\u017e"},"content":{"rendered":"<p><a href=\"https:\/\/auripro.ee\/wp-content\/uploads\/2021\/09\/Vistseraalne-massaz.pdf\">Vistseraalne massa\u017e<\/a><\/p>\n<p>[wpbs id=&#8221;1&#8243; title=&#8221;yes&#8221; legend=&#8221;yes&#8221; language=&#8221;auto&#8221; form_id=&#8221;1&#8243;]<\/p>\n","protected":false},"excerpt":{"rendered":"<p>Vistseraalne massa\u017e [wpbs id=&#8221;1&#8243; title=&#8221;yes&#8221; legend=&#8221;yes&#8221; language=&#8221;auto&#8221; form_id=&#8221;1&#8243;]<\/p>\n","protected":false},"author":1,"featured_media":0,"parent":0,"menu_order":0,"comment_status":"closed","ping_status":"closed","template":"","meta":{"pagelayer_contact_templates":[],"_pagelayer_content":"","footnotes":""},"class_list":["post-257","page","type-page","status-publish","hentry"],"yoast_head":"<!-- This site is optimized with the Yoast SEO plugin v27.5 - https:\/\/yoast.com\/product\/yoast-seo-wordpress\/ -->\n<title>Vistseraalne massaa\u017e - Auripro<\/title>\n<meta name=\"description\" content=\"Vistseraalne massaa\u017e leevendab seedeprobleeme, stressi, p\u00f5letikke ja parandab vereringet. Tervendav m\u00f5ju siseorganitele ja keha heaolule.\" \/>\n<meta name=\"robots\" content=\"index, follow, max-snippet:-1, max-image-preview:large, max-video-preview:-1\" \/>\n<link rel=\"canonical\" href=\"https:\/\/auripro.ee\/?page_id=257\" \/>\n<meta property=\"og:locale\" content=\"et_EE\" \/>\n<meta property=\"og:type\" content=\"article\" \/>\n<meta property=\"og:title\" content=\"Vistseraalne massaa\u017e - Auripro\" \/>\n<meta property=\"og:description\" content=\"Vistseraalne massaa\u017e leevendab seedeprobleeme, stressi, p\u00f5letikke ja parandab vereringet. Tervendav m\u00f5ju siseorganitele ja keha heaolule.\" \/>\n<meta property=\"og:url\" content=\"https:\/\/auripro.ee\/?page_id=257\" \/>\n<meta property=\"og:site_name\" content=\"Auripro\" \/>\n<meta property=\"article:publisher\" content=\"https:\/\/www.facebook.com\/Auripro-O-332545203786163\" \/>\n<meta property=\"article:modified_time\" content=\"2026-03-05T20:29:48+00:00\" \/>\n<meta name=\"twitter:card\" content=\"summary_large_image\" \/>\n<meta name=\"twitter:label1\" content=\"Est. reading time\" \/>\n\t<meta name=\"twitter:data1\" content=\"1 minut\" \/>\n<script type=\"application\/ld+json\" class=\"yoast-schema-graph\">{\"@context\":\"https:\\\/\\\/schema.org\",\"@graph\":[{\"@type\":\"WebPage\",\"@id\":\"https:\\\/\\\/auripro.ee\\\/?page_id=257\",\"url\":\"https:\\\/\\\/auripro.ee\\\/?page_id=257\",\"name\":\"Vistseraalne massaa\u017e - Auripro\",\"isPartOf\":{\"@id\":\"https:\\\/\\\/auripro.ee\\\/#website\"},\"datePublished\":\"2021-09-26T13:41:55+00:00\",\"dateModified\":\"2026-03-05T20:29:48+00:00\",\"description\":\"Vistseraalne massaa\u017e leevendab seedeprobleeme, stressi, p\u00f5letikke ja parandab vereringet. Tervendav m\u00f5ju siseorganitele ja keha heaolule.\",\"breadcrumb\":{\"@id\":\"https:\\\/\\\/auripro.ee\\\/?page_id=257#breadcrumb\"},\"inLanguage\":\"et\",\"potentialAction\":[{\"@type\":\"ReadAction\",\"target\":[\"https:\\\/\\\/auripro.ee\\\/?page_id=257\"]}]},{\"@type\":\"BreadcrumbList\",\"@id\":\"https:\\\/\\\/auripro.ee\\\/?page_id=257#breadcrumb\",\"itemListElement\":[{\"@type\":\"ListItem\",\"position\":1,\"name\":\"Home\",\"item\":\"https:\\\/\\\/auripro.ee\\\/\"},{\"@type\":\"ListItem\",\"position\":2,\"name\":\"Vistseraalne massaa\u017e\"}]},{\"@type\":\"WebSite\",\"@id\":\"https:\\\/\\\/auripro.ee\\\/#website\",\"url\":\"https:\\\/\\\/auripro.ee\\\/\",\"name\":\"Auripro\",\"description\":\"Broneeringud\",\"publisher\":{\"@id\":\"https:\\\/\\\/auripro.ee\\\/#organization\"},\"potentialAction\":[{\"@type\":\"SearchAction\",\"target\":{\"@type\":\"EntryPoint\",\"urlTemplate\":\"https:\\\/\\\/auripro.ee\\\/?s={search_term_string}\"},\"query-input\":{\"@type\":\"PropertyValueSpecification\",\"valueRequired\":true,\"valueName\":\"search_term_string\"}}],\"inLanguage\":\"et\"},{\"@type\":\"Organization\",\"@id\":\"https:\\\/\\\/auripro.ee\\\/#organization\",\"name\":\"Auripro\",\"url\":\"https:\\\/\\\/auripro.ee\\\/\",\"logo\":{\"@type\":\"ImageObject\",\"inLanguage\":\"et\",\"@id\":\"https:\\\/\\\/auripro.ee\\\/#\\\/schema\\\/logo\\\/image\\\/\",\"url\":\"https:\\\/\\\/auripro.ee\\\/wp-content\\\/uploads\\\/2020\\\/06\\\/cropped-Auripro-logo-vaiksem.jpg\",\"contentUrl\":\"https:\\\/\\\/auripro.ee\\\/wp-content\\\/uploads\\\/2020\\\/06\\\/cropped-Auripro-logo-vaiksem.jpg\",\"width\":1668,\"height\":1158,\"caption\":\"Auripro\"},\"image\":{\"@id\":\"https:\\\/\\\/auripro.ee\\\/#\\\/schema\\\/logo\\\/image\\\/\"},\"sameAs\":[\"https:\\\/\\\/www.facebook.com\\\/Auripro-O-332545203786163\"]}]}<\/script>\n<!-- \/ Yoast SEO plugin. -->","yoast_head_json":{"title":"Vistseraalne massaa\u017e - Auripro","description":"Vistseraalne massaa\u017e leevendab seedeprobleeme, stressi, p\u00f5letikke ja parandab vereringet. Tervendav m\u00f5ju siseorganitele ja keha heaolule.","robots":{"index":"index","follow":"follow","max-snippet":"max-snippet:-1","max-image-preview":"max-image-preview:large","max-video-preview":"max-video-preview:-1"},"canonical":"https:\/\/auripro.ee\/?page_id=257","og_locale":"et_EE","og_type":"article","og_title":"Vistseraalne massaa\u017e - Auripro","og_description":"Vistseraalne massaa\u017e leevendab seedeprobleeme, stressi, p\u00f5letikke ja parandab vereringet. Tervendav m\u00f5ju siseorganitele ja keha heaolule.","og_url":"https:\/\/auripro.ee\/?page_id=257","og_site_name":"Auripro","article_publisher":"https:\/\/www.facebook.com\/Auripro-O-332545203786163","article_modified_time":"2026-03-05T20:29:48+00:00","twitter_card":"summary_large_image","twitter_misc":{"Est. reading time":"1 minut"},"schema":{"@context":"https:\/\/schema.org","@graph":[{"@type":"WebPage","@id":"https:\/\/auripro.ee\/?page_id=257","url":"https:\/\/auripro.ee\/?page_id=257","name":"Vistseraalne massaa\u017e - Auripro","isPartOf":{"@id":"https:\/\/auripro.ee\/#website"},"datePublished":"2021-09-26T13:41:55+00:00","dateModified":"2026-03-05T20:29:48+00:00","description":"Vistseraalne massaa\u017e leevendab seedeprobleeme, stressi, p\u00f5letikke ja parandab vereringet. Tervendav m\u00f5ju siseorganitele ja keha heaolule.","breadcrumb":{"@id":"https:\/\/auripro.ee\/?page_id=257#breadcrumb"},"inLanguage":"et","potentialAction":[{"@type":"ReadAction","target":["https:\/\/auripro.ee\/?page_id=257"]}]},{"@type":"BreadcrumbList","@id":"https:\/\/auripro.ee\/?page_id=257#breadcrumb","itemListElement":[{"@type":"ListItem","position":1,"name":"Home","item":"https:\/\/auripro.ee\/"},{"@type":"ListItem","position":2,"name":"Vistseraalne massaa\u017e"}]},{"@type":"WebSite","@id":"https:\/\/auripro.ee\/#website","url":"https:\/\/auripro.ee\/","name":"Auripro","description":"Broneeringud","publisher":{"@id":"https:\/\/auripro.ee\/#organization"},"potentialAction":[{"@type":"SearchAction","target":{"@type":"EntryPoint","urlTemplate":"https:\/\/auripro.ee\/?s={search_term_string}"},"query-input":{"@type":"PropertyValueSpecification","valueRequired":true,"valueName":"search_term_string"}}],"inLanguage":"et"},{"@type":"Organization","@id":"https:\/\/auripro.ee\/#organization","name":"Auripro","url":"https:\/\/auripro.ee\/","logo":{"@type":"ImageObject","inLanguage":"et","@id":"https:\/\/auripro.ee\/#\/schema\/logo\/image\/","url":"https:\/\/auripro.ee\/wp-content\/uploads\/2020\/06\/cropped-Auripro-logo-vaiksem.jpg","contentUrl":"https:\/\/auripro.ee\/wp-content\/uploads\/2020\/06\/cropped-Auripro-logo-vaiksem.jpg","width":1668,"height":1158,"caption":"Auripro"},"image":{"@id":"https:\/\/auripro.ee\/#\/schema\/logo\/image\/"},"sameAs":["https:\/\/www.facebook.com\/Auripro-O-332545203786163"]}]}},"amp_enabled":true,"_links":{"self":[{"href":"https:\/\/auripro.ee\/index.php?rest_route=\/wp\/v2\/pages\/257","targetHints":{"allow":["GET"]}}],"collection":[{"href":"https:\/\/auripro.ee\/index.php?rest_route=\/wp\/v2\/pages"}],"about":[{"href":"https:\/\/auripro.ee\/index.php?rest_route=\/wp\/v2\/types\/page"}],"author":[{"embeddable":true,"href":"https:\/\/auripro.ee\/index.php?rest_route=\/wp\/v2\/users\/1"}],"replies":[{"embeddable":true,"href":"https:\/\/auripro.ee\/index.php?rest_route=%2Fwp%2Fv2%2Fcomments&post=257"}],"version-history":[{"count":6,"href":"https:\/\/auripro.ee\/index.php?rest_route=\/wp\/v2\/pages\/257\/revisions"}],"predecessor-version":[{"id":476,"href":"https:\/\/auripro.ee\/index.php?rest_route=\/wp\/v2\/pages\/257\/revisions\/476"}],"wp:attachment":[{"href":"https:\/\/auripro.ee\/index.php?rest_route=%2Fwp%2Fv2%2Fmedia&parent=257"}],"curies":[{"name":"wp","href":"https:\/\/api.w.org\/{rel}","templated":true}]}}