{"id":176,"date":"2020-10-18T20:13:14","date_gmt":"2020-10-18T18:13:14","guid":{"rendered":"https:\/\/auripro.ee\/?page_id=176"},"modified":"2024-12-02T11:41:28","modified_gmt":"2024-12-02T09:41:28","slug":"tarkuse-nurk","status":"publish","type":"page","link":"https:\/\/auripro.ee\/?page_id=176","title":{"rendered":"Tarkuse nurk"},"content":{"rendered":"<h4><a href=\"https:\/\/auripro.ee\/?page_id=185\">Vesi keha elut\u00e4htis toit!<\/a><\/h4>\n<h4><a href=\"https:\/\/auripro.ee\/?page_id=192\">Joo end terveks!<\/a><\/h4>\n<h4><a href=\"https:\/\/auripro.ee\/?page_id=207\">S\u00f6\u00f6gisooda aur!<\/a><\/h4>\n<h4><a href=\"https:\/\/auripro.ee\/?page_id=196\">Toiduainete PH tabelid!<\/a><\/h4>\n<p>&nbsp;<\/p>\n<p>&nbsp;<\/p>\n<h4><\/h4>\n<p>&nbsp;<\/p>\n<p>&nbsp;<\/p>\n","protected":false},"excerpt":{"rendered":"<p>Vesi keha elut\u00e4htis toit! Joo end terveks! S\u00f6\u00f6gisooda aur! Toiduainete PH tabelid! &nbsp; &nbsp; &nbsp; &nbsp;<\/p>\n","protected":false},"author":1,"featured_media":0,"parent":0,"menu_order":0,"comment_status":"closed","ping_status":"closed","template":"","meta":{"pagelayer_contact_templates":[],"_pagelayer_content":"","footnotes":""},"class_list":["post-176","page","type-page","status-publish","hentry"],"yoast_head":"<!-- This site is optimized with the Yoast SEO plugin v27.5 - https:\/\/yoast.com\/product\/yoast-seo-wordpress\/ -->\n<title>Tarkuse nurk - Vesi, s\u00f6\u00f6gisooda ja PH tabelid tervise jaoks - Auripro<\/title>\n<meta name=\"description\" content=\"Avasta, kuidas vesi, s\u00f6\u00f6gisooda ja \u00f5ige PH tasakaal aitavad tervist edendada. Kasulik teave keha toitumise ja heaolu jaoks.\" \/>\n<meta name=\"robots\" content=\"index, follow, max-snippet:-1, max-image-preview:large, max-video-preview:-1\" \/>\n<link rel=\"canonical\" href=\"https:\/\/auripro.ee\/?page_id=176\" \/>\n<meta property=\"og:locale\" content=\"et_EE\" \/>\n<meta property=\"og:type\" content=\"article\" \/>\n<meta property=\"og:title\" content=\"Tarkuse nurk - Vesi, s\u00f6\u00f6gisooda ja PH tabelid tervise jaoks - Auripro\" \/>\n<meta property=\"og:description\" content=\"Avasta, kuidas vesi, s\u00f6\u00f6gisooda ja \u00f5ige PH tasakaal aitavad tervist edendada. Kasulik teave keha toitumise ja heaolu jaoks.\" \/>\n<meta property=\"og:url\" content=\"https:\/\/auripro.ee\/?page_id=176\" \/>\n<meta property=\"og:site_name\" content=\"Auripro\" \/>\n<meta property=\"article:publisher\" content=\"https:\/\/www.facebook.com\/Auripro-O-332545203786163\" \/>\n<meta property=\"article:modified_time\" content=\"2024-12-02T09:41:28+00:00\" \/>\n<meta name=\"twitter:card\" content=\"summary_large_image\" \/>\n<meta name=\"twitter:label1\" content=\"Est. reading time\" \/>\n\t<meta name=\"twitter:data1\" content=\"1 minut\" \/>\n<script type=\"application\/ld+json\" class=\"yoast-schema-graph\">{\"@context\":\"https:\\\/\\\/schema.org\",\"@graph\":[{\"@type\":\"WebPage\",\"@id\":\"https:\\\/\\\/auripro.ee\\\/?page_id=176\",\"url\":\"https:\\\/\\\/auripro.ee\\\/?page_id=176\",\"name\":\"Tarkuse nurk - Vesi, s\u00f6\u00f6gisooda ja PH tabelid tervise jaoks - Auripro\",\"isPartOf\":{\"@id\":\"https:\\\/\\\/auripro.ee\\\/#website\"},\"datePublished\":\"2020-10-18T18:13:14+00:00\",\"dateModified\":\"2024-12-02T09:41:28+00:00\",\"description\":\"Avasta, kuidas vesi, s\u00f6\u00f6gisooda ja \u00f5ige PH tasakaal aitavad tervist edendada. Kasulik teave keha toitumise ja heaolu jaoks.\",\"breadcrumb\":{\"@id\":\"https:\\\/\\\/auripro.ee\\\/?page_id=176#breadcrumb\"},\"inLanguage\":\"et\",\"potentialAction\":[{\"@type\":\"ReadAction\",\"target\":[\"https:\\\/\\\/auripro.ee\\\/?page_id=176\"]}]},{\"@type\":\"BreadcrumbList\",\"@id\":\"https:\\\/\\\/auripro.ee\\\/?page_id=176#breadcrumb\",\"itemListElement\":[{\"@type\":\"ListItem\",\"position\":1,\"name\":\"Home\",\"item\":\"https:\\\/\\\/auripro.ee\\\/\"},{\"@type\":\"ListItem\",\"position\":2,\"name\":\"Tarkuse nurk\"}]},{\"@type\":\"WebSite\",\"@id\":\"https:\\\/\\\/auripro.ee\\\/#website\",\"url\":\"https:\\\/\\\/auripro.ee\\\/\",\"name\":\"Auripro\",\"description\":\"Broneeringud\",\"publisher\":{\"@id\":\"https:\\\/\\\/auripro.ee\\\/#organization\"},\"potentialAction\":[{\"@type\":\"SearchAction\",\"target\":{\"@type\":\"EntryPoint\",\"urlTemplate\":\"https:\\\/\\\/auripro.ee\\\/?s={search_term_string}\"},\"query-input\":{\"@type\":\"PropertyValueSpecification\",\"valueRequired\":true,\"valueName\":\"search_term_string\"}}],\"inLanguage\":\"et\"},{\"@type\":\"Organization\",\"@id\":\"https:\\\/\\\/auripro.ee\\\/#organization\",\"name\":\"Auripro\",\"url\":\"https:\\\/\\\/auripro.ee\\\/\",\"logo\":{\"@type\":\"ImageObject\",\"inLanguage\":\"et\",\"@id\":\"https:\\\/\\\/auripro.ee\\\/#\\\/schema\\\/logo\\\/image\\\/\",\"url\":\"https:\\\/\\\/auripro.ee\\\/wp-content\\\/uploads\\\/2020\\\/06\\\/cropped-Auripro-logo-vaiksem.jpg\",\"contentUrl\":\"https:\\\/\\\/auripro.ee\\\/wp-content\\\/uploads\\\/2020\\\/06\\\/cropped-Auripro-logo-vaiksem.jpg\",\"width\":1668,\"height\":1158,\"caption\":\"Auripro\"},\"image\":{\"@id\":\"https:\\\/\\\/auripro.ee\\\/#\\\/schema\\\/logo\\\/image\\\/\"},\"sameAs\":[\"https:\\\/\\\/www.facebook.com\\\/Auripro-O-332545203786163\"]}]}<\/script>\n<!-- \/ Yoast SEO plugin. -->","yoast_head_json":{"title":"Tarkuse nurk - Vesi, s\u00f6\u00f6gisooda ja PH tabelid tervise jaoks - Auripro","description":"Avasta, kuidas vesi, s\u00f6\u00f6gisooda ja \u00f5ige PH tasakaal aitavad tervist edendada. Kasulik teave keha toitumise ja heaolu jaoks.","robots":{"index":"index","follow":"follow","max-snippet":"max-snippet:-1","max-image-preview":"max-image-preview:large","max-video-preview":"max-video-preview:-1"},"canonical":"https:\/\/auripro.ee\/?page_id=176","og_locale":"et_EE","og_type":"article","og_title":"Tarkuse nurk - Vesi, s\u00f6\u00f6gisooda ja PH tabelid tervise jaoks - Auripro","og_description":"Avasta, kuidas vesi, s\u00f6\u00f6gisooda ja \u00f5ige PH tasakaal aitavad tervist edendada. Kasulik teave keha toitumise ja heaolu jaoks.","og_url":"https:\/\/auripro.ee\/?page_id=176","og_site_name":"Auripro","article_publisher":"https:\/\/www.facebook.com\/Auripro-O-332545203786163","article_modified_time":"2024-12-02T09:41:28+00:00","twitter_card":"summary_large_image","twitter_misc":{"Est. reading time":"1 minut"},"schema":{"@context":"https:\/\/schema.org","@graph":[{"@type":"WebPage","@id":"https:\/\/auripro.ee\/?page_id=176","url":"https:\/\/auripro.ee\/?page_id=176","name":"Tarkuse nurk - Vesi, s\u00f6\u00f6gisooda ja PH tabelid tervise jaoks - Auripro","isPartOf":{"@id":"https:\/\/auripro.ee\/#website"},"datePublished":"2020-10-18T18:13:14+00:00","dateModified":"2024-12-02T09:41:28+00:00","description":"Avasta, kuidas vesi, s\u00f6\u00f6gisooda ja \u00f5ige PH tasakaal aitavad tervist edendada. Kasulik teave keha toitumise ja heaolu jaoks.","breadcrumb":{"@id":"https:\/\/auripro.ee\/?page_id=176#breadcrumb"},"inLanguage":"et","potentialAction":[{"@type":"ReadAction","target":["https:\/\/auripro.ee\/?page_id=176"]}]},{"@type":"BreadcrumbList","@id":"https:\/\/auripro.ee\/?page_id=176#breadcrumb","itemListElement":[{"@type":"ListItem","position":1,"name":"Home","item":"https:\/\/auripro.ee\/"},{"@type":"ListItem","position":2,"name":"Tarkuse nurk"}]},{"@type":"WebSite","@id":"https:\/\/auripro.ee\/#website","url":"https:\/\/auripro.ee\/","name":"Auripro","description":"Broneeringud","publisher":{"@id":"https:\/\/auripro.ee\/#organization"},"potentialAction":[{"@type":"SearchAction","target":{"@type":"EntryPoint","urlTemplate":"https:\/\/auripro.ee\/?s={search_term_string}"},"query-input":{"@type":"PropertyValueSpecification","valueRequired":true,"valueName":"search_term_string"}}],"inLanguage":"et"},{"@type":"Organization","@id":"https:\/\/auripro.ee\/#organization","name":"Auripro","url":"https:\/\/auripro.ee\/","logo":{"@type":"ImageObject","inLanguage":"et","@id":"https:\/\/auripro.ee\/#\/schema\/logo\/image\/","url":"https:\/\/auripro.ee\/wp-content\/uploads\/2020\/06\/cropped-Auripro-logo-vaiksem.jpg","contentUrl":"https:\/\/auripro.ee\/wp-content\/uploads\/2020\/06\/cropped-Auripro-logo-vaiksem.jpg","width":1668,"height":1158,"caption":"Auripro"},"image":{"@id":"https:\/\/auripro.ee\/#\/schema\/logo\/image\/"},"sameAs":["https:\/\/www.facebook.com\/Auripro-O-332545203786163"]}]}},"amp_enabled":true,"_links":{"self":[{"href":"https:\/\/auripro.ee\/index.php?rest_route=\/wp\/v2\/pages\/176","targetHints":{"allow":["GET"]}}],"collection":[{"href":"https:\/\/auripro.ee\/index.php?rest_route=\/wp\/v2\/pages"}],"about":[{"href":"https:\/\/auripro.ee\/index.php?rest_route=\/wp\/v2\/types\/page"}],"author":[{"embeddable":true,"href":"https:\/\/auripro.ee\/index.php?rest_route=\/wp\/v2\/users\/1"}],"replies":[{"embeddable":true,"href":"https:\/\/auripro.ee\/index.php?rest_route=%2Fwp%2Fv2%2Fcomments&post=176"}],"version-history":[{"count":7,"href":"https:\/\/auripro.ee\/index.php?rest_route=\/wp\/v2\/pages\/176\/revisions"}],"predecessor-version":[{"id":179,"href":"https:\/\/auripro.ee\/index.php?rest_route=\/wp\/v2\/pages\/176\/revisions\/179"}],"wp:attachment":[{"href":"https:\/\/auripro.ee\/index.php?rest_route=%2Fwp%2Fv2%2Fmedia&parent=176"}],"curies":[{"name":"wp","href":"https:\/\/api.w.org\/{rel}","templated":true}]}}