{"id":138,"date":"2020-08-11T16:45:17","date_gmt":"2020-08-11T14:45:17","guid":{"rendered":"https:\/\/auripro.ee\/?page_id=138"},"modified":"2025-01-05T21:05:26","modified_gmt":"2025-01-05T19:05:26","slug":"hinnakiri","status":"publish","type":"page","link":"https:\/\/auripro.ee\/?page_id=138","title":{"rendered":"Hinnakiri"},"content":{"rendered":"<p>Salong j\u00e4tab endale \u00f5iguse muuta teenuste, toodete hindasid etteteatamata.<\/p>\n<hr \/>\n<ul>\n<li><span style=\"color: #000000;\">Kombineeritud massaa\u017e\u00a0 \u00a0 \u00a01h\u00a0 50.-<\/span><\/li>\n<li><span style=\"color: #000000;\">Siseorganite teraapia\u00a0 \u00a0 \u00a0 \u00a0 \u00a0 1h\u00a0 100.-<\/span><\/li>\n<\/ul>\n<p>&nbsp;<\/p>\n<p>&nbsp;<\/p>\n<hr \/>\n<p>Massaa\u017ei tehakse vastavalt \u201etellija materjalist\u201c ja tema liistude j\u00e4rgi, seda k\u00f5ike parima hinna ja kvaliteediga.<\/p>\n","protected":false},"excerpt":{"rendered":"<p>Salong j\u00e4tab endale \u00f5iguse muuta teenuste, toodete hindasid etteteatamata. Kombineeritud massaa\u017e\u00a0 \u00a0 \u00a01h\u00a0 50.- Siseorganite teraapia\u00a0 \u00a0 \u00a0 \u00a0 \u00a0 1h\u00a0 100.- &nbsp; &nbsp; Massaa\u017ei tehakse vastavalt \u201etellija materjalist\u201c ja tema liistude j\u00e4rgi, seda k\u00f5ike parima hinna ja kvaliteediga.<\/p>\n","protected":false},"author":1,"featured_media":0,"parent":0,"menu_order":0,"comment_status":"closed","ping_status":"closed","template":"","meta":{"pagelayer_contact_templates":[],"_pagelayer_content":"","footnotes":""},"class_list":["post-138","page","type-page","status-publish","hentry"],"yoast_head":"<!-- This site is optimized with the Yoast SEO plugin v27.5 - https:\/\/yoast.com\/product\/yoast-seo-wordpress\/ -->\n<title>Auripro massaa\u017eide hinnakiri - Tartu, Eestis - Auripro<\/title>\n<meta name=\"description\" content=\"Tutvu Auripro salongi massaa\u017ei ja teraapia hindadega. Kombineeritud massaa\u017e 40\u20ac ja siseorganite teraapia 100\u20ac.\" \/>\n<meta name=\"robots\" content=\"index, follow, max-snippet:-1, max-image-preview:large, max-video-preview:-1\" \/>\n<link rel=\"canonical\" href=\"https:\/\/auripro.ee\/?page_id=138\" \/>\n<meta property=\"og:locale\" content=\"et_EE\" \/>\n<meta property=\"og:type\" content=\"article\" \/>\n<meta property=\"og:title\" content=\"Auripro massaa\u017eide hinnakiri - Tartu, Eestis - Auripro\" \/>\n<meta property=\"og:description\" content=\"Tutvu Auripro salongi massaa\u017ei ja teraapia hindadega. Kombineeritud massaa\u017e 40\u20ac ja siseorganite teraapia 100\u20ac.\" \/>\n<meta property=\"og:url\" content=\"https:\/\/auripro.ee\/?page_id=138\" \/>\n<meta property=\"og:site_name\" content=\"Auripro\" \/>\n<meta property=\"article:publisher\" content=\"https:\/\/www.facebook.com\/Auripro-O-332545203786163\" \/>\n<meta property=\"article:modified_time\" content=\"2025-01-05T19:05:26+00:00\" \/>\n<meta name=\"twitter:card\" content=\"summary_large_image\" \/>\n<meta name=\"twitter:label1\" content=\"Est. reading time\" \/>\n\t<meta name=\"twitter:data1\" content=\"1 minut\" \/>\n<script type=\"application\/ld+json\" class=\"yoast-schema-graph\">{\"@context\":\"https:\\\/\\\/schema.org\",\"@graph\":[{\"@type\":\"WebPage\",\"@id\":\"https:\\\/\\\/auripro.ee\\\/?page_id=138\",\"url\":\"https:\\\/\\\/auripro.ee\\\/?page_id=138\",\"name\":\"Auripro massaa\u017eide hinnakiri - Tartu, Eestis - Auripro\",\"isPartOf\":{\"@id\":\"https:\\\/\\\/auripro.ee\\\/#website\"},\"datePublished\":\"2020-08-11T14:45:17+00:00\",\"dateModified\":\"2025-01-05T19:05:26+00:00\",\"description\":\"Tutvu Auripro salongi massaa\u017ei ja teraapia hindadega. Kombineeritud massaa\u017e 40\u20ac ja siseorganite teraapia 100\u20ac.\",\"breadcrumb\":{\"@id\":\"https:\\\/\\\/auripro.ee\\\/?page_id=138#breadcrumb\"},\"inLanguage\":\"et\",\"potentialAction\":[{\"@type\":\"ReadAction\",\"target\":[\"https:\\\/\\\/auripro.ee\\\/?page_id=138\"]}]},{\"@type\":\"BreadcrumbList\",\"@id\":\"https:\\\/\\\/auripro.ee\\\/?page_id=138#breadcrumb\",\"itemListElement\":[{\"@type\":\"ListItem\",\"position\":1,\"name\":\"Home\",\"item\":\"https:\\\/\\\/auripro.ee\\\/\"},{\"@type\":\"ListItem\",\"position\":2,\"name\":\"Hinnakiri\"}]},{\"@type\":\"WebSite\",\"@id\":\"https:\\\/\\\/auripro.ee\\\/#website\",\"url\":\"https:\\\/\\\/auripro.ee\\\/\",\"name\":\"Auripro\",\"description\":\"Broneeringud\",\"publisher\":{\"@id\":\"https:\\\/\\\/auripro.ee\\\/#organization\"},\"potentialAction\":[{\"@type\":\"SearchAction\",\"target\":{\"@type\":\"EntryPoint\",\"urlTemplate\":\"https:\\\/\\\/auripro.ee\\\/?s={search_term_string}\"},\"query-input\":{\"@type\":\"PropertyValueSpecification\",\"valueRequired\":true,\"valueName\":\"search_term_string\"}}],\"inLanguage\":\"et\"},{\"@type\":\"Organization\",\"@id\":\"https:\\\/\\\/auripro.ee\\\/#organization\",\"name\":\"Auripro\",\"url\":\"https:\\\/\\\/auripro.ee\\\/\",\"logo\":{\"@type\":\"ImageObject\",\"inLanguage\":\"et\",\"@id\":\"https:\\\/\\\/auripro.ee\\\/#\\\/schema\\\/logo\\\/image\\\/\",\"url\":\"https:\\\/\\\/auripro.ee\\\/wp-content\\\/uploads\\\/2020\\\/06\\\/cropped-Auripro-logo-vaiksem.jpg\",\"contentUrl\":\"https:\\\/\\\/auripro.ee\\\/wp-content\\\/uploads\\\/2020\\\/06\\\/cropped-Auripro-logo-vaiksem.jpg\",\"width\":1668,\"height\":1158,\"caption\":\"Auripro\"},\"image\":{\"@id\":\"https:\\\/\\\/auripro.ee\\\/#\\\/schema\\\/logo\\\/image\\\/\"},\"sameAs\":[\"https:\\\/\\\/www.facebook.com\\\/Auripro-O-332545203786163\"]}]}<\/script>\n<!-- \/ Yoast SEO plugin. -->","yoast_head_json":{"title":"Auripro massaa\u017eide hinnakiri - Tartu, Eestis - Auripro","description":"Tutvu Auripro salongi massaa\u017ei ja teraapia hindadega. Kombineeritud massaa\u017e 40\u20ac ja siseorganite teraapia 100\u20ac.","robots":{"index":"index","follow":"follow","max-snippet":"max-snippet:-1","max-image-preview":"max-image-preview:large","max-video-preview":"max-video-preview:-1"},"canonical":"https:\/\/auripro.ee\/?page_id=138","og_locale":"et_EE","og_type":"article","og_title":"Auripro massaa\u017eide hinnakiri - Tartu, Eestis - Auripro","og_description":"Tutvu Auripro salongi massaa\u017ei ja teraapia hindadega. Kombineeritud massaa\u017e 40\u20ac ja siseorganite teraapia 100\u20ac.","og_url":"https:\/\/auripro.ee\/?page_id=138","og_site_name":"Auripro","article_publisher":"https:\/\/www.facebook.com\/Auripro-O-332545203786163","article_modified_time":"2025-01-05T19:05:26+00:00","twitter_card":"summary_large_image","twitter_misc":{"Est. reading time":"1 minut"},"schema":{"@context":"https:\/\/schema.org","@graph":[{"@type":"WebPage","@id":"https:\/\/auripro.ee\/?page_id=138","url":"https:\/\/auripro.ee\/?page_id=138","name":"Auripro massaa\u017eide hinnakiri - Tartu, Eestis - Auripro","isPartOf":{"@id":"https:\/\/auripro.ee\/#website"},"datePublished":"2020-08-11T14:45:17+00:00","dateModified":"2025-01-05T19:05:26+00:00","description":"Tutvu Auripro salongi massaa\u017ei ja teraapia hindadega. Kombineeritud massaa\u017e 40\u20ac ja siseorganite teraapia 100\u20ac.","breadcrumb":{"@id":"https:\/\/auripro.ee\/?page_id=138#breadcrumb"},"inLanguage":"et","potentialAction":[{"@type":"ReadAction","target":["https:\/\/auripro.ee\/?page_id=138"]}]},{"@type":"BreadcrumbList","@id":"https:\/\/auripro.ee\/?page_id=138#breadcrumb","itemListElement":[{"@type":"ListItem","position":1,"name":"Home","item":"https:\/\/auripro.ee\/"},{"@type":"ListItem","position":2,"name":"Hinnakiri"}]},{"@type":"WebSite","@id":"https:\/\/auripro.ee\/#website","url":"https:\/\/auripro.ee\/","name":"Auripro","description":"Broneeringud","publisher":{"@id":"https:\/\/auripro.ee\/#organization"},"potentialAction":[{"@type":"SearchAction","target":{"@type":"EntryPoint","urlTemplate":"https:\/\/auripro.ee\/?s={search_term_string}"},"query-input":{"@type":"PropertyValueSpecification","valueRequired":true,"valueName":"search_term_string"}}],"inLanguage":"et"},{"@type":"Organization","@id":"https:\/\/auripro.ee\/#organization","name":"Auripro","url":"https:\/\/auripro.ee\/","logo":{"@type":"ImageObject","inLanguage":"et","@id":"https:\/\/auripro.ee\/#\/schema\/logo\/image\/","url":"https:\/\/auripro.ee\/wp-content\/uploads\/2020\/06\/cropped-Auripro-logo-vaiksem.jpg","contentUrl":"https:\/\/auripro.ee\/wp-content\/uploads\/2020\/06\/cropped-Auripro-logo-vaiksem.jpg","width":1668,"height":1158,"caption":"Auripro"},"image":{"@id":"https:\/\/auripro.ee\/#\/schema\/logo\/image\/"},"sameAs":["https:\/\/www.facebook.com\/Auripro-O-332545203786163"]}]}},"amp_enabled":true,"_links":{"self":[{"href":"https:\/\/auripro.ee\/index.php?rest_route=\/wp\/v2\/pages\/138","targetHints":{"allow":["GET"]}}],"collection":[{"href":"https:\/\/auripro.ee\/index.php?rest_route=\/wp\/v2\/pages"}],"about":[{"href":"https:\/\/auripro.ee\/index.php?rest_route=\/wp\/v2\/types\/page"}],"author":[{"embeddable":true,"href":"https:\/\/auripro.ee\/index.php?rest_route=\/wp\/v2\/users\/1"}],"replies":[{"embeddable":true,"href":"https:\/\/auripro.ee\/index.php?rest_route=%2Fwp%2Fv2%2Fcomments&post=138"}],"version-history":[{"count":24,"href":"https:\/\/auripro.ee\/index.php?rest_route=\/wp\/v2\/pages\/138\/revisions"}],"predecessor-version":[{"id":420,"href":"https:\/\/auripro.ee\/index.php?rest_route=\/wp\/v2\/pages\/138\/revisions\/420"}],"wp:attachment":[{"href":"https:\/\/auripro.ee\/index.php?rest_route=%2Fwp%2Fv2%2Fmedia&parent=138"}],"curies":[{"name":"wp","href":"https:\/\/api.w.org\/{rel}","templated":true}]}}